{"id":170,"date":"2017-04-26T07:09:18","date_gmt":"2017-04-26T05:09:18","guid":{"rendered":"https:\/\/intranet.idata.hu\/?page_id=170"},"modified":"2017-04-26T07:09:18","modified_gmt":"2017-04-26T05:09:18","slug":"login","status":"publish","type":"page","link":"https:\/\/intranet.idata.hu\/?page_id=170","title":{"rendered":"Bel\u00e9p\u00e9s"},"content":{"rendered":"<div class=\"tml tml-login\">\n<div class=\"tml-alerts\"><\/div><form name=\"login\" action=\"https:\/\/intranet.idata.hu\/?action=login\" method=\"post\">\n<div class=\"tml-field-wrap tml-log-wrap\">\n<label class=\"tml-label\" for=\"user_login\">Felhaszn\u00e1l\u00f3n\u00e9v, vagy e-mail c\u00edm<\/label>\n<input name=\"log\" type=\"text\" value=\"\" id=\"user_login\" autocapitalize=\"off\" class=\"tml-field\">\n<\/div>\n\n<div class=\"tml-field-wrap tml-pwd-wrap\">\n<label class=\"tml-label\" for=\"user_pass\">Jelsz\u00f3<\/label>\n<input name=\"pwd\" type=\"password\" value=\"\" id=\"user_pass\" class=\"tml-field\">\n<\/div>\n\n<div class=\"g-recaptcha-wrap\" style=\"padding:10px 0 10px 0\"><div  class=\"g-recaptcha\" data-sitekey=\"6Lf8ZHoUAAAAADaUrinwT4WmR4gduW1t7fDPYJmQ\"><\/div><\/div><p style=\"display: none;\"><label>Enter something special:<\/label><input name=\"aio_special_field\" type=\"text\" id=\"aio_special_field\" class=\"aio_special_field\" value=\"\" \/><\/p>\n<div class=\"tml-field-wrap tml-rememberme-wrap\">\n<input name=\"rememberme\" type=\"checkbox\" value=\"forever\" id=\"rememberme\" class=\"tml-checkbox\">\n<label class=\"tml-label\" for=\"rememberme\">Eml\u00e9kezzen r\u00e1m<\/label>\n<\/div>\n\n<div class=\"tml-field-wrap tml-submit-wrap\">\n<button name=\"submit\" type=\"submit\" class=\"tml-button\">Bejelentkez\u00e9s<\/button>\n<\/div>\n\n<input name=\"redirect_to\" type=\"hidden\" value=\"https:\/\/intranet.idata.hu\/wp-admin\/\">\n\n<\/form>\n<ul class=\"tml-links\"><li class=\"tml-lostpassword-link\"><a href=\"https:\/\/intranet.idata.hu\/?action=lostpassword\">Elfelejtett jelsz\u00f3?<\/a><\/li><\/ul><\/div>\n\n","protected":false},"excerpt":{"rendered":"","protected":false},"author":5,"featured_media":0,"parent":0,"menu_order":0,"comment_status":"closed","ping_status":"closed","template":"","meta":[],"_links":{"self":[{"href":"https:\/\/intranet.idata.hu\/index.php?rest_route=\/wp\/v2\/pages\/170"}],"collection":[{"href":"https:\/\/intranet.idata.hu\/index.php?rest_route=\/wp\/v2\/pages"}],"about":[{"href":"https:\/\/intranet.idata.hu\/index.php?rest_route=\/wp\/v2\/types\/page"}],"author":[{"embeddable":true,"href":"https:\/\/intranet.idata.hu\/index.php?rest_route=\/wp\/v2\/users\/5"}],"replies":[{"embeddable":true,"href":"https:\/\/intranet.idata.hu\/index.php?rest_route=%2Fwp%2Fv2%2Fcomments&post=170"}],"version-history":[{"count":0,"href":"https:\/\/intranet.idata.hu\/index.php?rest_route=\/wp\/v2\/pages\/170\/revisions"}],"wp:attachment":[{"href":"https:\/\/intranet.idata.hu\/index.php?rest_route=%2Fwp%2Fv2%2Fmedia&parent=170"}],"curies":[{"name":"wp","href":"https:\/\/api.w.org\/{rel}","templated":true}]}}