{"id":164,"date":"2017-04-16T16:44:44","date_gmt":"2017-04-16T14:44:44","guid":{"rendered":"https:\/\/intranet.idata.hu\/?page_id=164"},"modified":"2018-10-16T08:49:21","modified_gmt":"2018-10-16T06:49:21","slug":"tajekoztato","status":"publish","type":"page","link":"https:\/\/intranet.idata.hu\/?page_id=164","title":{"rendered":"T\u00e1j\u00e9koztat\u00f3"},"content":{"rendered":"<p>Az oldal tartalm\u00e1t csak bejelentkez\u00e9st k\u00f6vet\u0151en tudod olvasni. <a href=\"https:\/\/intranet.idata.hu\/wp-login.php\">K\u00e9rlek jelentkezz be itt<\/a>.<\/p>\n<p>Amennyiben nincs m\u00e9g regisztr\u00e1ci\u00f3d, keresd Janit!<\/p>\n","protected":false},"excerpt":{"rendered":"<p>Az oldal tartalm\u00e1t csak bejelentkez\u00e9st k\u00f6vet\u0151en tudod olvasni. K\u00e9rlek jelentkezz be itt. Amennyiben nincs m\u00e9g regisztr\u00e1ci\u00f3d, keresd Janit!<\/p>\n","protected":false},"author":102,"featured_media":0,"parent":0,"menu_order":9999,"comment_status":"closed","ping_status":"closed","template":"","meta":[],"_links":{"self":[{"href":"https:\/\/intranet.idata.hu\/index.php?rest_route=\/wp\/v2\/pages\/164"}],"collection":[{"href":"https:\/\/intranet.idata.hu\/index.php?rest_route=\/wp\/v2\/pages"}],"about":[{"href":"https:\/\/intranet.idata.hu\/index.php?rest_route=\/wp\/v2\/types\/page"}],"author":[{"embeddable":true,"href":"https:\/\/intranet.idata.hu\/index.php?rest_route=\/wp\/v2\/users\/102"}],"replies":[{"embeddable":true,"href":"https:\/\/intranet.idata.hu\/index.php?rest_route=%2Fwp%2Fv2%2Fcomments&post=164"}],"version-history":[{"count":3,"href":"https:\/\/intranet.idata.hu\/index.php?rest_route=\/wp\/v2\/pages\/164\/revisions"}],"predecessor-version":[{"id":830,"href":"https:\/\/intranet.idata.hu\/index.php?rest_route=\/wp\/v2\/pages\/164\/revisions\/830"}],"wp:attachment":[{"href":"https:\/\/intranet.idata.hu\/index.php?rest_route=%2Fwp%2Fv2%2Fmedia&parent=164"}],"curies":[{"name":"wp","href":"https:\/\/api.w.org\/{rel}","templated":true}]}}